{"id":1918,"date":"2010-10-11T10:57:11","date_gmt":"2010-10-11T13:57:11","guid":{"rendered":"http:\/\/hervalfilho.wordpress.com\/"},"modified":"2010-10-11T10:57:11","modified_gmt":"2010-10-11T13:57:11","slug":"politica-de-privacidade-e-convivencia","status":"publish","type":"page","link":"https:\/\/hervalfilho.com.br\/index.php\/politica-de-privacidade-e-convivencia\/","title":{"rendered":"Pol\u00edtica de Privacidade e Conviv\u00eancia"},"content":{"rendered":"<p style=\"text-align:justify;\">Caros amigos(as) leitores(as),<\/p>\n<h3 style=\"text-align:justify;\"><span style=\"text-decoration:underline;\">PRIVACIDADE<\/span><\/h3>\n<p style=\"text-align:justify;\">A privacidade dos visitantes e leitores deste Blog \u00e9 muito importante para n\u00f3s.<\/p>\n<p style=\"text-align:justify;\">No nosso blog, reconhecemos a import\u00e2ncia da privacidade e tudo faremos para respeit\u00e1-la.\u00a0Tal como outros websites, coletamos e utilizamos informa\u00e7\u00e3o contida nos registros. A informa\u00e7\u00e3o contida nos registros inclui o seu ISP (Internet Service Provider), o seu endere\u00e7o IP (Internet Protocol), o browser que utilizou ao visitar o nosso website (ex: Firefox) e que p\u00e1ginas visitou dentro do nosso website.<\/p>\n<p>Utilizamos cookies para armazenar informa\u00e7\u00e3o, tais como as suas prefer\u00eancias pessoais quando visita o nosso website.<\/p>\n<p style=\"text-align:justify;\">Em adi\u00e7\u00e3o, no nosso site tamb\u00e9m utilizamos publicidade de terceiros. Alguns destes an\u00fancios (sponsors) poder\u00e3o utilizar tecnologias como os cookies e\/ou web beacons quando anunciam no nosso website, o que far\u00e1 com que esses publicit\u00e1rios (tal como o Google atrav\u00e9s do Google AdSense) tamb\u00e9m recebam a sua informa\u00e7\u00e3o pessoal, como o seu ISP, o endere\u00e7o IP, o seu browser, e outros. Esta fun\u00e7\u00e3o \u00e9 geralmente utilizada para &#8220;geotargeting&#8221; (ex: mostrar publicidade de NOVA YORK apenas aos leitores oriundos de Nova York) ou para apresentar publicidade direcionada a um tipo de utilizador (ex: mostrar publicidade de restaurantes\/bares a um utilizador que visita regularmente portais de culin\u00e1ria\/bebidas).<\/p>\n<p style=\"text-align:justify;\">Voc\u00ea pode desligar os seus cookies nas op\u00e7\u00f5es do seu browser, ou fazendo altera\u00e7\u00f5es nas ferramentas do seu Antiv\u00edrus. Gostaria de lhe informar que tal poder\u00e1 alterar a forma como interage com o nosso blog, ou mesmo com outros portais. Tal tamb\u00e9m poder\u00e1 afetar ou mesmo n\u00e3o permitir que fa\u00e7a logins em programas, sites ou f\u00f3runs.<\/p>\n<h3 style=\"text-align:justify;\"><span style=\"text-decoration:underline;\">CONVIV\u00caNCIA<\/span><\/h3>\n<p style=\"text-align:justify;\">Quanto \u00e0 conviv\u00eancia, <strong>n\u00e3o permitiremos o uso de palavras de baixo cal\u00e3o<\/strong>. <span style=\"text-decoration:underline;\">Todo coment\u00e1rio que contiver palavr\u00f5es, no seu lugar colocaremos asteriscos<\/span>. Esse \u00e9 um espa\u00e7o democr\u00e1tico e <strong>todas as opini\u00f5es s\u00e3o bem-vindas<\/strong>. N\u00e3o \u00e9 preciso dizer que o exerc\u00edcio do contradit\u00f3rio \u00e9 saud\u00e1vel e importante para o conhecimento do universo de opini\u00f5es, obviamente respeitando a posi\u00e7\u00e3o de cada um, sem ataques pessoais e ofensas.<\/p>\n<p><a href=\"http:\/\/www.mylivesignature.com\" target=\"_blank\" rel=\"noopener\"><img data-recalc-dims=\"1\" decoding=\"async\" style=\"border:0!important;background:transparent;\" src=\"https:\/\/i0.wp.com\/signatures.mylivesignature.com\/85809\/hervalfilho\/d3a7a4db93543841ec0e60e6f5d1280a.png?w=640\" border=\"0\" alt=\"\" \/><\/a><\/p>\n","protected":false},"excerpt":{"rendered":"<p>Caros amigos(as) leitores(as), PRIVACIDADE A privacidade dos visitantes e leitores deste Blog \u00e9 muito importante para n\u00f3s. No nosso blog, reconhecemos a import\u00e2ncia da privacidade e tudo faremos para respeit\u00e1-la.\u00a0Tal como outros websites, coletamos e utilizamos informa\u00e7\u00e3o contida nos registros&#8230;.<\/p>\n","protected":false},"author":1,"featured_media":0,"parent":0,"menu_order":0,"comment_status":"closed","ping_status":"closed","template":"fullwidth-page.php","meta":{"om_disable_all_campaigns":false,"_monsterinsights_skip_tracking":false,"_monsterinsights_sitenote_active":false,"_monsterinsights_sitenote_note":"","_monsterinsights_sitenote_category":0,"_kadence_starter_templates_imported_post":false,"footnotes":""},"class_list":["post-1918","page","type-page","status-publish","hentry"],"aioseo_notices":[],"jetpack_likes_enabled":true,"jetpack_sharing_enabled":true,"_links":{"self":[{"href":"https:\/\/hervalfilho.com.br\/index.php\/wp-json\/wp\/v2\/pages\/1918","targetHints":{"allow":["GET"]}}],"collection":[{"href":"https:\/\/hervalfilho.com.br\/index.php\/wp-json\/wp\/v2\/pages"}],"about":[{"href":"https:\/\/hervalfilho.com.br\/index.php\/wp-json\/wp\/v2\/types\/page"}],"author":[{"embeddable":true,"href":"https:\/\/hervalfilho.com.br\/index.php\/wp-json\/wp\/v2\/users\/1"}],"replies":[{"embeddable":true,"href":"https:\/\/hervalfilho.com.br\/index.php\/wp-json\/wp\/v2\/comments?post=1918"}],"version-history":[{"count":0,"href":"https:\/\/hervalfilho.com.br\/index.php\/wp-json\/wp\/v2\/pages\/1918\/revisions"}],"wp:attachment":[{"href":"https:\/\/hervalfilho.com.br\/index.php\/wp-json\/wp\/v2\/media?parent=1918"}],"curies":[{"name":"wp","href":"https:\/\/api.w.org\/{rel}","templated":true}]}}