{"id":2585,"date":"2020-04-09T23:33:40","date_gmt":"2020-04-10T02:33:40","guid":{"rendered":"https:\/\/hervalfilho.wordpress.com\/?page_id=2585"},"modified":"2020-04-09T23:33:40","modified_gmt":"2020-04-10T02:33:40","slug":"home","status":"publish","type":"page","link":"https:\/\/hervalfilho.com.br\/index.php\/home\/","title":{"rendered":"Home"},"content":{"rendered":"\n<h2 class=\"wp-block-heading\"><a href=\"http:\/\/grupoportico.blogspot.com\/2009\/08\/poemas-in-natura.html\">Poemas in Natura<\/a><\/h2>\n\n\n\n<h6 class=\"wp-block-heading\"><em>Vivo cada segundo sem saber contar o tempo!<\/em><\/h6>\n\n\n\n<figure class=\"wp-block-image size-large\"><a href=\"https:\/\/i0.wp.com\/hervalfilho.com.br\/wp-content\/uploads\/2021\/09\/poemasinnatura_19.jpg?ssl=1\"><img data-recalc-dims=\"1\" loading=\"lazy\" decoding=\"async\" width=\"283\" height=\"413\" src=\"https:\/\/i0.wp.com\/hervalfilho.com.br\/wp-content\/uploads\/2021\/09\/poemasinnatura_19.jpg?resize=283%2C413&#038;ssl=1\" alt=\"\" class=\"wp-image-2661\" srcset=\"https:\/\/i0.wp.com\/hervalfilho.com.br\/wp-content\/uploads\/2021\/09\/poemasinnatura_19.jpg?w=283&amp;ssl=1 283w, https:\/\/i0.wp.com\/hervalfilho.com.br\/wp-content\/uploads\/2021\/09\/poemasinnatura_19.jpg?resize=206%2C300&amp;ssl=1 206w\" sizes=\"auto, (max-width: 283px) 100vw, 283px\" \/><\/a><figcaption><strong>L<\/strong>ivro lan\u00e7ado em 25\/07\/1997, Shopping Pelourinho, Salvador\/BA<\/figcaption><\/figure>\n\n\n\n<hr class=\"wp-block-separator\" \/>\n\n\n\n<figure class=\"wp-block-pullquote\"><blockquote><p>N\u00e3o corrigir nossas falhas \u00e9 o mesmo que cometer novos erros.<\/p><p>(Conf\u00facio)<\/p><\/blockquote><\/figure>\n\n\n\n<figure class=\"wp-block-pullquote\"><blockquote><p>O mundo n\u00e3o est\u00e1 amea\u00e7ado pelas pessoas m\u00e1s, e sim por aquelas que permitem a maldade.<\/p><p>(Albert Einstein)<\/p><\/blockquote><\/figure>\n\n\n\n<figure class=\"wp-block-pullquote\"><blockquote><p>N\u00e3o tenho tempo pra mais nada, ser feliz me consome muito.<\/p><cite> <p>(Clarice Lispector)<\/p> <\/cite><\/blockquote><\/figure>\n","protected":false},"excerpt":{"rendered":"<p>Poemas in Natura Vivo cada segundo sem saber contar o tempo! N\u00e3o corrigir nossas falhas \u00e9 o mesmo que cometer novos erros. (Conf\u00facio) O mundo n\u00e3o est\u00e1 amea\u00e7ado pelas pessoas m\u00e1s, e sim por aquelas que permitem a maldade. (Albert&#8230;<\/p>\n","protected":false},"author":1,"featured_media":0,"parent":0,"menu_order":0,"comment_status":"closed","ping_status":"closed","template":"","meta":{"om_disable_all_campaigns":false,"_monsterinsights_skip_tracking":false,"_monsterinsights_sitenote_active":false,"_monsterinsights_sitenote_note":"","_monsterinsights_sitenote_category":0,"_kadence_starter_templates_imported_post":false,"footnotes":""},"class_list":["post-2585","page","type-page","status-publish","hentry"],"aioseo_notices":[],"jetpack_likes_enabled":true,"jetpack_sharing_enabled":true,"_links":{"self":[{"href":"https:\/\/hervalfilho.com.br\/index.php\/wp-json\/wp\/v2\/pages\/2585","targetHints":{"allow":["GET"]}}],"collection":[{"href":"https:\/\/hervalfilho.com.br\/index.php\/wp-json\/wp\/v2\/pages"}],"about":[{"href":"https:\/\/hervalfilho.com.br\/index.php\/wp-json\/wp\/v2\/types\/page"}],"author":[{"embeddable":true,"href":"https:\/\/hervalfilho.com.br\/index.php\/wp-json\/wp\/v2\/users\/1"}],"replies":[{"embeddable":true,"href":"https:\/\/hervalfilho.com.br\/index.php\/wp-json\/wp\/v2\/comments?post=2585"}],"version-history":[{"count":0,"href":"https:\/\/hervalfilho.com.br\/index.php\/wp-json\/wp\/v2\/pages\/2585\/revisions"}],"wp:attachment":[{"href":"https:\/\/hervalfilho.com.br\/index.php\/wp-json\/wp\/v2\/media?parent=2585"}],"curies":[{"name":"wp","href":"https:\/\/api.w.org\/{rel}","templated":true}]}}