{"id":2618,"date":"2021-09-01T15:13:11","date_gmt":"2021-09-01T18:13:11","guid":{"rendered":"https:\/\/hervalfilho.wordpress.com\/sobre\/"},"modified":"2021-09-01T15:13:11","modified_gmt":"2021-09-01T18:13:11","slug":"sobre","status":"publish","type":"page","link":"https:\/\/hervalfilho.com.br\/index.php\/sobre\/","title":{"rendered":"Sobre"},"content":{"rendered":"\n<p class=\"has-text-align-left\">Os visitantes querem saber quem est\u00e1 do outro lado da p\u00e1gina. Use este espa\u00e7o para escrever sobre si mesmo, sobre seu site, seu neg\u00f3cio ou algo que queira. Use os depoimentos abaixo para citar outras pessoas que falam sobre o mesmo assunto com opini\u00f5es pr\u00f3prias.<\/p>\n\n\n\n<p class=\"has-text-align-left\">Este \u00e9 um conte\u00fado de amostra, inclu\u00eddo com o modelo para ilustrar as caracter\u00edsticas dele. Remova ou substitua-o com suas pr\u00f3prias palavras e m\u00eddias.<\/p>\n\n\n\n<div style=\"height:32px;\" aria-hidden=\"true\" class=\"wp-block-spacer desktop-only\"><\/div>\n\n\n\n<h3 class=\"has-text-align-center wp-block-heading\">O que as pessoas dizem<\/h3>\n\n\n\n<div class=\"wp-block-columns alignwide has-3-columns is-layout-flex wp-container-core-columns-is-layout-9d6595d7 wp-block-columns-is-layout-flex\">\n<div class=\"wp-block-column is-layout-flow wp-block-column-is-layout-flow\">\n<blockquote class=\"wp-block-quote is-layout-flow wp-block-quote-is-layout-flow\"><p>A maneira de come\u00e7ar \u00e9 parar de falar e come\u00e7ar a fazer.<\/p><cite>Walt Disney<\/cite><\/blockquote>\n<\/div>\n\n\n\n<div class=\"wp-block-column is-layout-flow wp-block-column-is-layout-flow\">\n<blockquote class=\"wp-block-quote is-layout-flow wp-block-quote-is-layout-flow\"><p>S\u00e3o as nossas escolhas, Harry, que revelam o que realmente somos, muito mais do que nossas qualidades.<\/p><cite>J. K. Rowling<\/cite><\/blockquote>\n<\/div>\n\n\n\n<div class=\"wp-block-column is-layout-flow wp-block-column-is-layout-flow\">\n<blockquote class=\"wp-block-quote is-layout-flow wp-block-quote-is-layout-flow\"><p>N\u00e3o chore porque acabou, sorria porque aconteceu.<\/p><cite>Dr. Seuss<\/cite><\/blockquote>\n<\/div>\n<\/div>\n\n\n\n<div style=\"height:32px;\" aria-hidden=\"true\" class=\"wp-block-spacer desktop-only\"><\/div>\n\n\n\n<hr class=\"wp-block-separator is-style-wide\" \/>\n\n\n\n<div style=\"height:32px;\" aria-hidden=\"true\" class=\"wp-block-spacer desktop-only\"><\/div>\n\n\n\n<h2 class=\"has-text-align-center wp-block-heading\">Vamos construir algo juntos.<\/h2>\n\n\n\n<div class=\"wp-block-button aligncenter\"><a class=\"wp-block-button__link\" href=\"#\">Fale conosco!<\/a><\/div>\n\n\n\n<div style=\"height:32px;\" aria-hidden=\"true\" class=\"wp-block-spacer desktop-only\"><\/div>\n\n\n\n<hr class=\"wp-block-separator is-style-wide\" \/>\n\n\n\n<div style=\"height:32px;\" aria-hidden=\"true\" class=\"wp-block-spacer\"><\/div>\n","protected":false},"excerpt":{"rendered":"<p>Os visitantes querem saber quem est\u00e1 do outro lado da p\u00e1gina. Use este espa\u00e7o para escrever sobre si mesmo, sobre seu site, seu neg\u00f3cio ou algo que queira. Use os depoimentos abaixo para citar outras pessoas que falam sobre o&#8230;<\/p>\n","protected":false},"author":1,"featured_media":0,"parent":0,"menu_order":1,"comment_status":"closed","ping_status":"closed","template":"","meta":{"om_disable_all_campaigns":false,"_monsterinsights_skip_tracking":false,"_monsterinsights_sitenote_active":false,"_monsterinsights_sitenote_note":"","_monsterinsights_sitenote_category":0,"_kadence_starter_templates_imported_post":false,"footnotes":""},"class_list":["post-2618","page","type-page","status-publish","hentry"],"aioseo_notices":[],"jetpack_likes_enabled":true,"jetpack_sharing_enabled":true,"_links":{"self":[{"href":"https:\/\/hervalfilho.com.br\/index.php\/wp-json\/wp\/v2\/pages\/2618","targetHints":{"allow":["GET"]}}],"collection":[{"href":"https:\/\/hervalfilho.com.br\/index.php\/wp-json\/wp\/v2\/pages"}],"about":[{"href":"https:\/\/hervalfilho.com.br\/index.php\/wp-json\/wp\/v2\/types\/page"}],"author":[{"embeddable":true,"href":"https:\/\/hervalfilho.com.br\/index.php\/wp-json\/wp\/v2\/users\/1"}],"replies":[{"embeddable":true,"href":"https:\/\/hervalfilho.com.br\/index.php\/wp-json\/wp\/v2\/comments?post=2618"}],"version-history":[{"count":0,"href":"https:\/\/hervalfilho.com.br\/index.php\/wp-json\/wp\/v2\/pages\/2618\/revisions"}],"wp:attachment":[{"href":"https:\/\/hervalfilho.com.br\/index.php\/wp-json\/wp\/v2\/media?parent=2618"}],"curies":[{"name":"wp","href":"https:\/\/api.w.org\/{rel}","templated":true}]}}