{"id":2711,"date":"2010-02-22T22:50:55","date_gmt":"2010-02-23T01:50:55","guid":{"rendered":"http:\/\/hervalfilho.com.br\/index.php\/about\/"},"modified":"2010-02-22T22:50:55","modified_gmt":"2010-02-23T01:50:55","slug":"about","status":"publish","type":"page","link":"https:\/\/hervalfilho.com.br\/index.php\/about\/","title":{"rendered":"+ sobre\u00a0mim\u2026"},"content":{"rendered":"\n<div id=\"_mcePaste\" style=\"text-align:justify;\">Soteropolitano, nascido em Salvador, a capital mais &#8220;sincr\u00e9tica&#8221; do Brasil, da Bahia e do mundo! Sou qu\u00edmico, administrador de empresas com p\u00f3s-gradua\u00e7\u00e3o em marketing e gest\u00e3o de neg\u00f3cios, poeta e escritor.<\/div>\n\n\n\n<div>\n<\/div>\n\n\n\n<div class=\"wp-block-image\"><figure class=\"aligncenter\"><a href=\"https:\/\/i0.wp.com\/hervalfilho.com.br\/wp-content\/uploads\/2010\/04\/eu_nenem.jpg?ssl=1\"><img data-recalc-dims=\"1\" loading=\"lazy\" decoding=\"async\" width=\"178\" height=\"209\" src=\"https:\/\/i0.wp.com\/hervalfilho.com.br\/wp-content\/uploads\/2010\/04\/eu_nenem.jpg?resize=178%2C209&#038;ssl=1\" alt=\"\" class=\"wp-image-251\" \/><\/a><figcaption>Que beb\u00ea lindo! (eu)<\/figcaption><\/figure><\/div>\n\n\n\n<div>&nbsp;<\/div>\n\n\n\n<div id=\"_mcePaste\" style=\"text-align:justify;\">O t\u00edtulo do blog \u00e9 do \u00fanico livro publicado por mim, em julho de 1997. <\/div>\n\n\n\n<div>&nbsp;<\/div>\n\n\n\n<div id=\"_mcePaste\" style=\"text-align:justify;\">Fico perplexo quando vejo que blogs de sexo e fofocas t\u00eam uma enorme audi\u00eancia. Isso prova que existe espa\u00e7o para todos os tipos de gostos&#8230;. Fiquem \u00e0 vontade para discordar daquilo que eu escrevo. A democracia pressup\u00f5e a aceita\u00e7\u00e3o do contradit\u00f3rio. Isso exercita, excita e massageia, com argumentos, ou n\u00e3o, os nossos c\u00e9rebros.<\/div>\n","protected":false},"excerpt":{"rendered":"<p>Soteropolitano, nascido em Salvador, a capital mais &#8220;sincr\u00e9tica&#8221; do Brasil, da Bahia e do mundo! Sou qu\u00edmico, administrador de empresas com p\u00f3s-gradua\u00e7\u00e3o em marketing e gest\u00e3o de neg\u00f3cios, poeta e escritor. &nbsp; O t\u00edtulo do blog \u00e9 do \u00fanico livro&#8230;<\/p>\n","protected":false},"author":1,"featured_media":0,"parent":0,"menu_order":0,"comment_status":"open","ping_status":"closed","template":"","meta":{"om_disable_all_campaigns":false,"_monsterinsights_skip_tracking":false,"_monsterinsights_sitenote_active":false,"_monsterinsights_sitenote_note":"","_monsterinsights_sitenote_category":0,"_kadence_starter_templates_imported_post":false,"footnotes":""},"class_list":["post-2711","page","type-page","status-publish","hentry"],"aioseo_notices":[],"jetpack_likes_enabled":true,"jetpack_sharing_enabled":true,"_links":{"self":[{"href":"https:\/\/hervalfilho.com.br\/index.php\/wp-json\/wp\/v2\/pages\/2711","targetHints":{"allow":["GET"]}}],"collection":[{"href":"https:\/\/hervalfilho.com.br\/index.php\/wp-json\/wp\/v2\/pages"}],"about":[{"href":"https:\/\/hervalfilho.com.br\/index.php\/wp-json\/wp\/v2\/types\/page"}],"author":[{"embeddable":true,"href":"https:\/\/hervalfilho.com.br\/index.php\/wp-json\/wp\/v2\/users\/1"}],"replies":[{"embeddable":true,"href":"https:\/\/hervalfilho.com.br\/index.php\/wp-json\/wp\/v2\/comments?post=2711"}],"version-history":[{"count":0,"href":"https:\/\/hervalfilho.com.br\/index.php\/wp-json\/wp\/v2\/pages\/2711\/revisions"}],"wp:attachment":[{"href":"https:\/\/hervalfilho.com.br\/index.php\/wp-json\/wp\/v2\/media?parent=2711"}],"curies":[{"name":"wp","href":"https:\/\/api.w.org\/{rel}","templated":true}]}}